{"id":42,"date":"2020-02-24T19:52:12","date_gmt":"2020-02-24T19:52:12","guid":{"rendered":"https:\/\/greentechsolutions.se\/?page_id=42"},"modified":"2025-01-10T19:01:14","modified_gmt":"2025-01-10T18:01:14","slug":"agenturer","status":"publish","type":"page","link":"https:\/\/greentechsolutions.se\/en\/agenturer\/","title":{"rendered":"Agencies"},"content":{"rendered":"<div data-elementor-type=\"wp-page\" data-elementor-id=\"42\" class=\"elementor elementor-42\">\n\t\t\t\t\t\t<section class=\"elementor-section elementor-top-section elementor-element elementor-element-528315ab elementor-section-full_width elementor-section-height-default elementor-section-height-default\" data-id=\"528315ab\" data-element_type=\"section\" data-e-type=\"section\">\n\t\t\t\t\t\t<div class=\"elementor-container elementor-column-gap-default\">\n\t\t\t\t\t<div class=\"elementor-column elementor-col-100 elementor-top-column elementor-element elementor-element-6b9d3a4d\" data-id=\"6b9d3a4d\" data-element_type=\"column\" data-e-type=\"column\">\n\t\t\t<div class=\"elementor-widget-wrap elementor-element-populated\">\n\t\t\t\t\t\t<div class=\"elementor-element elementor-element-4ad7576 elementor-widget elementor-widget-heading\" data-id=\"4ad7576\" data-element_type=\"widget\" data-e-type=\"widget\" data-widget_type=\"heading.default\">\n\t\t\t\t<div class=\"elementor-widget-container\">\n\t\t\t\t\t<h2 class=\"elementor-heading-title elementor-size-default\">Agencies<\/h2>\t\t\t\t<\/div>\n\t\t\t\t<\/div>\n\t\t\t\t\t<\/div>\n\t\t<\/div>\n\t\t\t\t\t<\/div>\n\t\t<\/section>\n\t\t\t\t<section class=\"elementor-section elementor-top-section elementor-element elementor-element-4d7846b elementor-section-boxed elementor-section-height-default elementor-section-height-default\" data-id=\"4d7846b\" data-element_type=\"section\" data-e-type=\"section\">\n\t\t\t\t\t\t<div class=\"elementor-container elementor-column-gap-default\">\n\t\t\t\t\t<div class=\"elementor-column elementor-col-50 elementor-top-column elementor-element elementor-element-fa00bb7\" data-id=\"fa00bb7\" data-element_type=\"column\" data-e-type=\"column\">\n\t\t\t<div class=\"elementor-widget-wrap elementor-element-populated\">\n\t\t\t\t\t\t<div class=\"elementor-element elementor-element-e5f8efb elementor-widget elementor-widget-image\" data-id=\"e5f8efb\" data-element_type=\"widget\" data-e-type=\"widget\" data-widget_type=\"image.default\">\n\t\t\t\t<div class=\"elementor-widget-container\">\n\t\t\t\t\t\t\t\t\t\t\t\t\t\t\t<img fetchpriority=\"high\" decoding=\"async\" width=\"445\" height=\"113\" src=\"https:\/\/media.greentechsolutions.se\/2020\/07\/Envitec-biogas.png\" class=\"attachment-large size-large wp-image-237\" alt=\"\" srcset=\"https:\/\/media.greentechsolutions.se\/2020\/07\/Envitec-biogas.png 445w, https:\/\/media.greentechsolutions.se\/2020\/07\/Envitec-biogas-300x76.png 300w\" sizes=\"(max-width: 445px) 100vw, 445px\" \/>\t\t\t\t\t\t\t\t\t\t\t\t\t\t\t<\/div>\n\t\t\t\t<\/div>\n\t\t\t\t<div class=\"elementor-element elementor-element-0408dfe elementor-widget elementor-widget-text-editor\" data-id=\"0408dfe\" data-element_type=\"widget\" data-e-type=\"widget\" data-widget_type=\"text-editor.default\">\n\t\t\t\t<div class=\"elementor-widget-container\">\n\t\t\t\t\t\t\t\t\t<div><div dir=\"auto\">The German company EnviTec is a market-leading supplier of complete biogas plants. It offers full service that covers the entire value chain from reception unit to upgraded vehicle gas or electricity and heat production.<\/div><div dir=\"auto\">\u00a0<\/div><\/div><div><div dir=\"auto\">The key to EnviTec's success is a large customer focus combined with its combined experience of owning and operating a large number of its own biogas plants. Today, it is one of the largest biogas producers in Germany.\u00a0<span style=\"color: var( --e-global-color-text ); font-family: var( --e-global-typography-text-font-family ); font-weight: var( --e-global-typography-text-font-weight ); font-size: 1.8rem; letter-spacing: -0.015em;\">With more than 680 references in 16 countries and capacities from 75 Nm3 \/ h up to 5000 Nm3 \/ h biogas, you can feel confident in choosing EnviTec as your partner and supplier<\/span><span style=\"color: var( --e-global-color-text ); font-family: var( --e-global-typography-text-font-family ); font-weight: var( --e-global-typography-text-font-weight ); font-size: 1.8rem; letter-spacing: -0.015em;\">.<\/span><\/div><\/div><div dir=\"auto\">\u00a0<\/div><div dir=\"auto\"><strong style=\"color: var( --e-global-color-text ); font-family: var( --e-global-typography-text-font-family ); font-size: 1.8rem; letter-spacing: -0.015em;\">EnviThan \u2013 Gas upgrad<\/strong><\/div><div><div dir=\"auto\" class=\"translation-block\">EnviTec offers gas upgrades to vehicle gas quality with efficient patented three-stage membrane technology in collaboration with Evonik \/ Sepuran.<\/div><div dir=\"auto\">\u00a0<\/div><div dir=\"auto\">Compared to other gas upgrade methods, EnviThan has several advantages:<\/div><div dir=\"auto\">- low CAPEX and OPEX costs<br \/>- flexible modules<br \/>- compact installations<\/div><div dir=\"auto\">- no need for chemicals<\/div><\/div><div dir=\"auto\">\u00a0<\/div><div dir=\"auto\"><a href=\"https:\/\/www.envitec-biogas.com\/\">Read more on EnviTech's website<\/a><\/div>\t\t\t\t\t\t\t\t<\/div>\n\t\t\t\t<\/div>\n\t\t\t\t\t<\/div>\n\t\t<\/div>\n\t\t\t\t<div class=\"elementor-column elementor-col-50 elementor-top-column elementor-element elementor-element-0913bfd\" data-id=\"0913bfd\" data-element_type=\"column\" data-e-type=\"column\">\n\t\t\t<div class=\"elementor-widget-wrap elementor-element-populated\">\n\t\t\t\t\t\t<div class=\"elementor-element elementor-element-904bf5f elementor-widget elementor-widget-image\" data-id=\"904bf5f\" data-element_type=\"widget\" data-e-type=\"widget\" data-widget_type=\"image.default\">\n\t\t\t\t<div class=\"elementor-widget-container\">\n\t\t\t\t\t\t\t\t\t\t\t\t\t\t\t<img decoding=\"async\" width=\"580\" height=\"279\" src=\"https:\/\/media.greentechsolutions.se\/2020\/07\/Envitec-anl\u00e4ggning-2-1024x493.png\" class=\"attachment-large size-large wp-image-234\" alt=\"\" srcset=\"https:\/\/media.greentechsolutions.se\/2020\/07\/Envitec-anl\u00e4ggning-2-1024x493.png 1024w, https:\/\/media.greentechsolutions.se\/2020\/07\/Envitec-anl\u00e4ggning-2-300x144.png 300w, https:\/\/media.greentechsolutions.se\/2020\/07\/Envitec-anl\u00e4ggning-2-768x370.png 768w, https:\/\/media.greentechsolutions.se\/2020\/07\/Envitec-anl\u00e4ggning-2-1200x578.png 1200w, https:\/\/media.greentechsolutions.se\/2020\/07\/Envitec-anl\u00e4ggning-2.png 1280w\" sizes=\"(max-width: 580px) 100vw, 580px\" \/>\t\t\t\t\t\t\t\t\t\t\t\t\t\t\t<\/div>\n\t\t\t\t<\/div>\n\t\t\t\t<div class=\"elementor-element elementor-element-36e3cbd elementor-widget elementor-widget-image\" data-id=\"36e3cbd\" data-element_type=\"widget\" data-e-type=\"widget\" data-widget_type=\"image.default\">\n\t\t\t\t<div class=\"elementor-widget-container\">\n\t\t\t\t\t\t\t\t\t\t\t\t\t\t\t<img decoding=\"async\" width=\"580\" height=\"425\" src=\"https:\/\/media.greentechsolutions.se\/2020\/07\/envitec-biomethane-envithan-container-e1594980272385-1024x750.png\" class=\"attachment-large size-large wp-image-306\" alt=\"\" srcset=\"https:\/\/media.greentechsolutions.se\/2020\/07\/envitec-biomethane-envithan-container-e1594980272385-1024x750.png 1024w, https:\/\/media.greentechsolutions.se\/2020\/07\/envitec-biomethane-envithan-container-e1594980272385-300x220.png 300w, https:\/\/media.greentechsolutions.se\/2020\/07\/envitec-biomethane-envithan-container-e1594980272385-768x563.png 768w, https:\/\/media.greentechsolutions.se\/2020\/07\/envitec-biomethane-envithan-container-e1594980272385-1200x879.png 1200w, https:\/\/media.greentechsolutions.se\/2020\/07\/envitec-biomethane-envithan-container-e1594980272385.png 1402w\" sizes=\"(max-width: 580px) 100vw, 580px\" \/>\t\t\t\t\t\t\t\t\t\t\t\t\t\t\t<\/div>\n\t\t\t\t<\/div>\n\t\t\t\t\t<\/div>\n\t\t<\/div>\n\t\t\t\t\t<\/div>\n\t\t<\/section>\n\t\t\t\t<section class=\"elementor-section elementor-top-section elementor-element elementor-element-49c6a79 elementor-section-height-min-height elementor-section-boxed elementor-section-height-default elementor-section-items-middle\" data-id=\"49c6a79\" data-element_type=\"section\" data-e-type=\"section\">\n\t\t\t\t\t\t<div class=\"elementor-container elementor-column-gap-no\">\n\t\t\t\t\t<div class=\"elementor-column elementor-col-100 elementor-top-column elementor-element elementor-element-7c6a525\" data-id=\"7c6a525\" data-element_type=\"column\" data-e-type=\"column\">\n\t\t\t<div class=\"elementor-widget-wrap elementor-element-populated\">\n\t\t\t\t\t\t<div class=\"elementor-element elementor-element-b02e310 elementor-widget-divider--view-line elementor-widget elementor-widget-divider\" data-id=\"b02e310\" data-element_type=\"widget\" data-e-type=\"widget\" data-widget_type=\"divider.default\">\n\t\t\t\t<div class=\"elementor-widget-container\">\n\t\t\t\t\t\t\t<div class=\"elementor-divider\">\n\t\t\t<span class=\"elementor-divider-separator\">\n\t\t\t\t\t\t<\/span>\n\t\t<\/div>\n\t\t\t\t\t\t<\/div>\n\t\t\t\t<\/div>\n\t\t\t\t\t<\/div>\n\t\t<\/div>\n\t\t\t\t\t<\/div>\n\t\t<\/section>\n\t\t\t\t<section class=\"elementor-section elementor-top-section elementor-element elementor-element-83ffcbb elementor-section-boxed elementor-section-height-default elementor-section-height-default\" data-id=\"83ffcbb\" data-element_type=\"section\" data-e-type=\"section\">\n\t\t\t\t\t\t<div class=\"elementor-container elementor-column-gap-default\">\n\t\t\t\t\t<div class=\"elementor-column elementor-col-50 elementor-top-column elementor-element elementor-element-4441793\" data-id=\"4441793\" data-element_type=\"column\" data-e-type=\"column\">\n\t\t\t<div class=\"elementor-widget-wrap elementor-element-populated\">\n\t\t\t\t\t\t<div class=\"elementor-element elementor-element-1021100 elementor-widget elementor-widget-image\" data-id=\"1021100\" data-element_type=\"widget\" data-e-type=\"widget\" data-widget_type=\"image.default\">\n\t\t\t\t<div class=\"elementor-widget-container\">\n\t\t\t\t\t\t\t\t\t\t\t\t\t\t\t<img loading=\"lazy\" decoding=\"async\" width=\"275\" height=\"168\" src=\"https:\/\/media.greentechsolutions.se\/2020\/07\/Cellwood-logo.png\" class=\"attachment-medium size-medium wp-image-238\" alt=\"\" \/>\t\t\t\t\t\t\t\t\t\t\t\t\t\t\t<\/div>\n\t\t\t\t<\/div>\n\t\t\t\t<div class=\"elementor-element elementor-element-f8b9cc3 elementor-widget elementor-widget-text-editor\" data-id=\"f8b9cc3\" data-element_type=\"widget\" data-e-type=\"widget\" data-widget_type=\"text-editor.default\">\n\t\t\t\t<div class=\"elementor-widget-container\">\n\t\t\t\t\t\t\t\t\t<p><span style=\"font-size: inherit; text-align: inherit; letter-spacing: -0.015em;\">Cellwood has played an important role in the development of the modern pulp and paper industry. The company is the world's leading supplier of dispersion systems used to recycle recycled paper. More than 600 system installations have been delivered to paper mills worldwide.<\/span><\/p><p>Cellwood offers robust machine equipment with high availability to efficiently pre-treat organic material into a pure slurry for biogas production.\u00a0<\/p><p><a style=\"font-size: inherit; text-align: inherit; letter-spacing: -0.015em;\" href=\"https:\/\/cellwood.se\/bioenergy\/\">Read more on Cellwood Machinery's website<\/a><\/p>\t\t\t\t\t\t\t\t<\/div>\n\t\t\t\t<\/div>\n\t\t\t\t\t<\/div>\n\t\t<\/div>\n\t\t\t\t<div class=\"elementor-column elementor-col-50 elementor-top-column elementor-element elementor-element-a50988c\" data-id=\"a50988c\" data-element_type=\"column\" data-e-type=\"column\">\n\t\t\t<div class=\"elementor-widget-wrap elementor-element-populated\">\n\t\t\t\t\t\t<div class=\"elementor-element elementor-element-ac2a2ba elementor-widget elementor-widget-image\" data-id=\"ac2a2ba\" data-element_type=\"widget\" data-e-type=\"widget\" data-widget_type=\"image.default\">\n\t\t\t\t<div class=\"elementor-widget-container\">\n\t\t\t\t\t\t\t\t\t\t\t\t\t\t\t<img loading=\"lazy\" decoding=\"async\" width=\"1745\" height=\"479\" src=\"https:\/\/media.greentechsolutions.se\/2020\/07\/Cellwod-produkter-1.png\" class=\"attachment-full size-full wp-image-279\" alt=\"\" srcset=\"https:\/\/media.greentechsolutions.se\/2020\/07\/Cellwod-produkter-1.png 1745w, https:\/\/media.greentechsolutions.se\/2020\/07\/Cellwod-produkter-1-300x82.png 300w, https:\/\/media.greentechsolutions.se\/2020\/07\/Cellwod-produkter-1-1024x281.png 1024w, https:\/\/media.greentechsolutions.se\/2020\/07\/Cellwod-produkter-1-768x211.png 768w, https:\/\/media.greentechsolutions.se\/2020\/07\/Cellwod-produkter-1-1536x422.png 1536w, https:\/\/media.greentechsolutions.se\/2020\/07\/Cellwod-produkter-1-1200x329.png 1200w\" sizes=\"(max-width: 1745px) 100vw, 1745px\" \/>\t\t\t\t\t\t\t\t\t\t\t\t\t\t\t<\/div>\n\t\t\t\t<\/div>\n\t\t\t\t\t<\/div>\n\t\t<\/div>\n\t\t\t\t\t<\/div>\n\t\t<\/section>\n\t\t\t\t<\/div>","protected":false},"excerpt":{"rendered":"<p>Agenturer Det tyska f\u00f6retaget EnviTec \u00e4r en marknadsledande leverant\u00f6r av kompletta biogasanl\u00e4ggningar. Man erbjuder full service som t\u00e4cker hela v\u00e4rdekedjan fr\u00e5n mottagningsenhet till uppgraderad fordonsgas alternativt el- och v\u00e4rmeproduktion.\u00a0Nyckeln till EnviTecs framg\u00e5ng \u00e4r stort kundfokus kombinerat med sina samlade erfarenheter av att \u00e4ga och drifta ett stort antal egna biogasanl\u00e4ggningar. Idag \u00e4r man en av [&hellip;]<\/p>\n","protected":false},"author":1,"featured_media":0,"parent":0,"menu_order":0,"comment_status":"closed","ping_status":"closed","template":"elementor_header_footer","meta":{"_seopress_robots_primary_cat":"","_seopress_titles_title":"","_seopress_titles_desc":"GreenTech har agentur f\u00f6r EnviTec Biogas AG f\u00f6r kompletta biogasanl\u00e4ggningar, gasuppgraderingar samt Cellwood Machinery som erbjuder l\u00f6sningar f\u00f6r f\u00f6rbehandling av organiskt avfall.\u200b","_seopress_robots_index":"","footnotes":""},"class_list":["post-42","page","type-page","status-publish","hentry"],"_links":{"self":[{"href":"https:\/\/greentechsolutions.se\/en\/wp-json\/wp\/v2\/pages\/42","targetHints":{"allow":["GET"]}}],"collection":[{"href":"https:\/\/greentechsolutions.se\/en\/wp-json\/wp\/v2\/pages"}],"about":[{"href":"https:\/\/greentechsolutions.se\/en\/wp-json\/wp\/v2\/types\/page"}],"author":[{"embeddable":true,"href":"https:\/\/greentechsolutions.se\/en\/wp-json\/wp\/v2\/users\/1"}],"replies":[{"embeddable":true,"href":"https:\/\/greentechsolutions.se\/en\/wp-json\/wp\/v2\/comments?post=42"}],"version-history":[{"count":101,"href":"https:\/\/greentechsolutions.se\/en\/wp-json\/wp\/v2\/pages\/42\/revisions"}],"predecessor-version":[{"id":1037,"href":"https:\/\/greentechsolutions.se\/en\/wp-json\/wp\/v2\/pages\/42\/revisions\/1037"}],"wp:attachment":[{"href":"https:\/\/greentechsolutions.se\/en\/wp-json\/wp\/v2\/media?parent=42"}],"curies":[{"name":"wp","href":"https:\/\/api.w.org\/{rel}","templated":true}]}}