{"id":217,"date":"2020-07-08T14:02:32","date_gmt":"2020-07-08T13:02:32","guid":{"rendered":"https:\/\/greentechsolutions.se\/?page_id=217"},"modified":"2026-03-21T16:59:26","modified_gmt":"2026-03-21T15:59:26","slug":"omoss","status":"publish","type":"page","link":"https:\/\/greentechsolutions.se\/en\/omoss\/","title":{"rendered":"About us"},"content":{"rendered":"<div data-elementor-type=\"wp-page\" data-elementor-id=\"217\" class=\"elementor elementor-217\">\n\t\t\t\t\t\t<section class=\"elementor-section elementor-top-section elementor-element elementor-element-d42df6d elementor-section-boxed elementor-section-height-default elementor-section-height-default\" data-id=\"d42df6d\" data-element_type=\"section\" data-e-type=\"section\">\n\t\t\t\t\t\t<div class=\"elementor-container elementor-column-gap-no\">\n\t\t\t\t\t<div class=\"elementor-column elementor-col-100 elementor-top-column elementor-element elementor-element-43d8bd9\" data-id=\"43d8bd9\" data-element_type=\"column\" data-e-type=\"column\">\n\t\t\t<div class=\"elementor-widget-wrap elementor-element-populated\">\n\t\t\t\t\t\t<div class=\"elementor-element elementor-element-fbca18d elementor-widget elementor-widget-heading\" data-id=\"fbca18d\" data-element_type=\"widget\" data-e-type=\"widget\" data-widget_type=\"heading.default\">\n\t\t\t\t<div class=\"elementor-widget-container\">\n\t\t\t\t\t<h2 class=\"elementor-heading-title elementor-size-default\">About us<\/h2>\t\t\t\t<\/div>\n\t\t\t\t<\/div>\n\t\t\t\t\t<\/div>\n\t\t<\/div>\n\t\t\t\t\t<\/div>\n\t\t<\/section>\n\t\t\t\t<section class=\"elementor-section elementor-top-section elementor-element elementor-element-f77999c elementor-section-boxed elementor-section-height-default elementor-section-height-default\" data-id=\"f77999c\" data-element_type=\"section\" data-e-type=\"section\">\n\t\t\t\t\t\t<div class=\"elementor-container elementor-column-gap-no\">\n\t\t\t\t\t<div class=\"elementor-column elementor-col-100 elementor-top-column elementor-element elementor-element-7c7e147\" data-id=\"7c7e147\" data-element_type=\"column\" data-e-type=\"column\">\n\t\t\t<div class=\"elementor-widget-wrap elementor-element-populated\">\n\t\t\t\t\t\t<div class=\"elementor-element elementor-element-8c42e20 elementor-widget elementor-widget-text-editor\" data-id=\"8c42e20\" data-element_type=\"widget\" data-e-type=\"widget\" data-widget_type=\"text-editor.default\">\n\t\t\t\t<div class=\"elementor-widget-container\">\n\t\t\t\t\t\t\t\t\t<p>GreenTech Solutions operates within biogas and bioenergy, helping plants become more efficient, robust, and future\u2011proof. With long industry experience and strong process engineering competence, we provide solutions that improve performance, increase operational reliability, and enhance availability.<\/p>\n<p>The company was founded in 2018 by Peter Ek, who has extensive experience in developing technical solutions and driving innovation in pre\u2011treatment and biogas production. Our focus is to convert technical knowledge into measurable results \u2013 through smarter applications, optimized design, and improved processes.<\/p>\t\t\t\t\t\t\t\t<\/div>\n\t\t\t\t<\/div>\n\t\t\t\t\t<\/div>\n\t\t<\/div>\n\t\t\t\t\t<\/div>\n\t\t<\/section>\n\t\t\t\t<section class=\"elementor-section elementor-top-section elementor-element elementor-element-4301dac elementor-section-boxed elementor-section-height-default elementor-section-height-default\" data-id=\"4301dac\" data-element_type=\"section\" data-e-type=\"section\">\n\t\t\t\t\t\t<div class=\"elementor-container elementor-column-gap-no\">\n\t\t\t\t\t<div class=\"elementor-column elementor-col-100 elementor-top-column elementor-element elementor-element-801e6b3\" data-id=\"801e6b3\" data-element_type=\"column\" data-e-type=\"column\">\n\t\t\t<div class=\"elementor-widget-wrap elementor-element-populated\">\n\t\t\t\t\t\t<div class=\"elementor-element elementor-element-f086e9f elementor-widget elementor-widget-heading\" data-id=\"f086e9f\" data-element_type=\"widget\" data-e-type=\"widget\" data-widget_type=\"heading.default\">\n\t\t\t\t<div class=\"elementor-widget-container\">\n\t\t\t\t\t<h4 class=\"elementor-heading-title elementor-size-default\">Services:<\/h4>\t\t\t\t<\/div>\n\t\t\t\t<\/div>\n\t\t\t\t\t<\/div>\n\t\t<\/div>\n\t\t\t\t\t<\/div>\n\t\t<\/section>\n\t\t\t\t<section class=\"elementor-section elementor-top-section elementor-element elementor-element-32806ba elementor-section-boxed elementor-section-height-default elementor-section-height-default\" data-id=\"32806ba\" data-element_type=\"section\" data-e-type=\"section\">\n\t\t\t\t\t\t<div class=\"elementor-container elementor-column-gap-no\">\n\t\t\t\t\t<div class=\"elementor-column elementor-col-100 elementor-top-column elementor-element elementor-element-45f60c6\" data-id=\"45f60c6\" data-element_type=\"column\" data-e-type=\"column\">\n\t\t\t<div class=\"elementor-widget-wrap elementor-element-populated\">\n\t\t\t\t\t\t<div class=\"elementor-element elementor-element-fae6424 elementor-widget elementor-widget-text-editor\" data-id=\"fae6424\" data-element_type=\"widget\" data-e-type=\"widget\" data-widget_type=\"text-editor.default\">\n\t\t\t\t<div class=\"elementor-widget-container\">\n\t\t\t\t\t\t\t\t\t<p>GreenTech Solutions delivers specialist expertise and technical solutions that create improvements:<\/p><ul><li><strong>Pre\u2011treatment solutions for food waste<br \/><\/strong>Provide cleaner substrates, more stable operation, and optimized flows through harmonized pre\u2011treatment processes.<\/li><li><div><strong>Cyclone Technology for Grit and Heavy Fraction Separation<\/strong><\/div>Efficient removal of grit such as glass, sand, and other particles \u2013 proven in several modern plants and contributing to reduced wear and fewer operational stops.<\/li><li><strong><strong>Dry\u2011matter optimization <strong>and Water Balance<\/strong><br \/><\/strong><\/strong>For energy\u2011efficient production, optimal dry\u2011matter content in the slurry, and reduced water consumption.<\/li><li><strong>Disintegration technology for mechanical size reduction<br \/><\/strong>Accelerates the digestion process and contributes to higher methane yield.<\/li><\/ul>\t\t\t\t\t\t\t\t<\/div>\n\t\t\t\t<\/div>\n\t\t\t\t\t<\/div>\n\t\t<\/div>\n\t\t\t\t\t<\/div>\n\t\t<\/section>\n\t\t\t\t<section class=\"elementor-section elementor-top-section elementor-element elementor-element-4830006 elementor-section-boxed elementor-section-height-default elementor-section-height-default\" data-id=\"4830006\" data-element_type=\"section\" data-e-type=\"section\">\n\t\t\t\t\t\t<div class=\"elementor-container elementor-column-gap-no\">\n\t\t\t\t\t<div class=\"elementor-column elementor-col-100 elementor-top-column elementor-element elementor-element-1c9a9a1\" data-id=\"1c9a9a1\" data-element_type=\"column\" data-e-type=\"column\">\n\t\t\t<div class=\"elementor-widget-wrap elementor-element-populated\">\n\t\t\t\t\t\t<div class=\"elementor-element elementor-element-9284751 elementor-widget elementor-widget-heading\" data-id=\"9284751\" data-element_type=\"widget\" data-e-type=\"widget\" data-widget_type=\"heading.default\">\n\t\t\t\t<div class=\"elementor-widget-container\">\n\t\t\t\t\t<h4 class=\"elementor-heading-title elementor-size-default\">Our strength lies in combining:<\/h4>\t\t\t\t<\/div>\n\t\t\t\t<\/div>\n\t\t\t\t\t<\/div>\n\t\t<\/div>\n\t\t\t\t\t<\/div>\n\t\t<\/section>\n\t\t\t\t<section class=\"elementor-section elementor-top-section elementor-element elementor-element-6c02ef6 elementor-section-boxed elementor-section-height-default elementor-section-height-default\" data-id=\"6c02ef6\" data-element_type=\"section\" data-e-type=\"section\">\n\t\t\t\t\t\t<div class=\"elementor-container elementor-column-gap-no\">\n\t\t\t\t\t<div class=\"elementor-column elementor-col-100 elementor-top-column elementor-element elementor-element-a759de6\" data-id=\"a759de6\" data-element_type=\"column\" data-e-type=\"column\">\n\t\t\t<div class=\"elementor-widget-wrap elementor-element-populated\">\n\t\t\t\t\t\t<div class=\"elementor-element elementor-element-d75a8ff elementor-widget elementor-widget-text-editor\" data-id=\"d75a8ff\" data-element_type=\"widget\" data-e-type=\"widget\" data-widget_type=\"text-editor.default\">\n\t\t\t\t<div class=\"elementor-widget-container\">\n\t\t\t\t\t\t\t\t\t<ul><li>Broad technical experience in pre\u2011treatment, slurry, and biogas<\/li><li>Process optimization for higher performance and stable operation<\/li><li>Project management from early concept to fully commissioned and functioning solutions<\/li><li style=\"list-style-type: none;\">\u00a0<\/li><\/ul>\t\t\t\t\t\t\t\t<\/div>\n\t\t\t\t<\/div>\n\t\t\t\t\t<\/div>\n\t\t<\/div>\n\t\t\t\t\t<\/div>\n\t\t<\/section>\n\t\t\t\t<\/div>","protected":false},"excerpt":{"rendered":"<p>Om oss GreenTech Solutions verkar inom biogas och bioenergi och hj\u00e4lper anl\u00e4ggningar att bli mer effektiva, robusta och framtidss\u00e4krade. Genom l\u00e5ng branscherfarenhet och kompetens inom processteknik erbjuder vi l\u00f6sningar som h\u00f6jer prestanda, \u00f6kar drifts\u00e4kerheten och tillg\u00e4nglighet. F\u00f6retaget grundades 2018 av Peter Ek, som har l\u00e5ng erfarenhet av att utveckla tekniska l\u00f6sningar och driva innovationsarbete inom [&hellip;]<\/p>\n","protected":false},"author":1,"featured_media":0,"parent":0,"menu_order":0,"comment_status":"closed","ping_status":"closed","template":"elementor_header_footer","meta":{"_seopress_robots_primary_cat":"","_seopress_titles_title":"","_seopress_titles_desc":"","_seopress_robots_index":"","_seopress_analysis_target_kw":"","footnotes":""},"class_list":["post-217","page","type-page","status-publish","hentry"],"_links":{"self":[{"href":"https:\/\/greentechsolutions.se\/en\/wp-json\/wp\/v2\/pages\/217","targetHints":{"allow":["GET"]}}],"collection":[{"href":"https:\/\/greentechsolutions.se\/en\/wp-json\/wp\/v2\/pages"}],"about":[{"href":"https:\/\/greentechsolutions.se\/en\/wp-json\/wp\/v2\/types\/page"}],"author":[{"embeddable":true,"href":"https:\/\/greentechsolutions.se\/en\/wp-json\/wp\/v2\/users\/1"}],"replies":[{"embeddable":true,"href":"https:\/\/greentechsolutions.se\/en\/wp-json\/wp\/v2\/comments?post=217"}],"version-history":[{"count":60,"href":"https:\/\/greentechsolutions.se\/en\/wp-json\/wp\/v2\/pages\/217\/revisions"}],"predecessor-version":[{"id":1075,"href":"https:\/\/greentechsolutions.se\/en\/wp-json\/wp\/v2\/pages\/217\/revisions\/1075"}],"wp:attachment":[{"href":"https:\/\/greentechsolutions.se\/en\/wp-json\/wp\/v2\/media?parent=217"}],"curies":[{"name":"wp","href":"https:\/\/api.w.org\/{rel}","templated":true}]}}