{"id":13,"date":"2020-02-24T19:42:52","date_gmt":"2020-02-24T19:42:52","guid":{"rendered":"https:\/\/greentechsolutions.se\/?page_id=13"},"modified":"2026-03-21T18:29:10","modified_gmt":"2026-03-21T17:29:10","slug":"greentech-solutions","status":"publish","type":"page","link":"https:\/\/greentechsolutions.se\/en\/","title":{"rendered":"GreenTech Solutions"},"content":{"rendered":"<div data-elementor-type=\"wp-post\" data-elementor-id=\"13\" class=\"elementor elementor-13\">\n\t\t\t\t\t\t<section class=\"elementor-section elementor-top-section elementor-element elementor-element-21d8cbf elementor-section-height-min-height elementor-section-full_width elementor-section-height-default elementor-section-items-middle\" data-id=\"21d8cbf\" data-element_type=\"section\" data-e-type=\"section\" data-settings=\"{&quot;background_background&quot;:&quot;classic&quot;}\">\n\t\t\t\t\t\t\t<div class=\"elementor-background-overlay\"><\/div>\n\t\t\t\t\t\t\t<div class=\"elementor-container elementor-column-gap-default\">\n\t\t\t\t\t<div class=\"elementor-column elementor-col-100 elementor-top-column elementor-element elementor-element-49772341\" data-id=\"49772341\" data-element_type=\"column\" data-e-type=\"column\" data-settings=\"{&quot;background_background&quot;:&quot;classic&quot;}\">\n\t\t\t<div class=\"elementor-widget-wrap elementor-element-populated\">\n\t\t\t\t\t\t<div class=\"elementor-element elementor-element-43fe830f elementor-widget elementor-widget-heading\" data-id=\"43fe830f\" data-element_type=\"widget\" data-e-type=\"widget\" data-widget_type=\"heading.default\">\n\t\t\t\t<div class=\"elementor-widget-container\">\n\t\t\t\t\t<h2 class=\"elementor-heading-title elementor-size-default\">GreenTech Solutions Scandinavia AB<\/h2>\t\t\t\t<\/div>\n\t\t\t\t<\/div>\n\t\t\t\t<div class=\"elementor-element elementor-element-7946a8ae elementor-widget elementor-widget-text-editor\" data-id=\"7946a8ae\" data-element_type=\"widget\" data-e-type=\"widget\" data-widget_type=\"text-editor.default\">\n\t\t\t\t<div class=\"elementor-widget-container\">\n\t\t\t\t\t\t\t\t\t<p class=\"elementor-heading-title elementor-size-large\">Agency and technical consulting services<\/p>\n<p class=\"elementor-heading-title elementor-size-large\">\u00a0in pre-treatment and complete biogas plants<\/p>\n<p class=\"elementor-heading-title elementor-size-large\">\u00a0<\/p>\t\t\t\t\t\t\t\t<\/div>\n\t\t\t\t<\/div>\n\t\t\t\t\t<\/div>\n\t\t<\/div>\n\t\t\t\t\t<\/div>\n\t\t<\/section>\n\t\t\t\t<section class=\"elementor-section elementor-top-section elementor-element elementor-element-44d7625a elementor-section-content-middle elementor-reverse-mobile elementor-section-boxed elementor-section-height-default elementor-section-height-default\" data-id=\"44d7625a\" data-element_type=\"section\" data-e-type=\"section\">\n\t\t\t\t\t\t<div class=\"elementor-container elementor-column-gap-default\">\n\t\t\t\t\t<div class=\"elementor-column elementor-col-50 elementor-top-column elementor-element elementor-element-68202f6a\" data-id=\"68202f6a\" data-element_type=\"column\" data-e-type=\"column\">\n\t\t\t<div class=\"elementor-widget-wrap elementor-element-populated\">\n\t\t\t\t\t\t<div class=\"elementor-element elementor-element-244b1694 elementor-widget elementor-widget-image\" data-id=\"244b1694\" data-element_type=\"widget\" data-e-type=\"widget\" data-widget_type=\"image.default\">\n\t\t\t\t<div class=\"elementor-widget-container\">\n\t\t\t\t\t\t\t\t\t\t\t\t\t\t\t<img fetchpriority=\"high\" decoding=\"async\" width=\"580\" height=\"583\" src=\"https:\/\/media.greentechsolutions.se\/2021\/01\/EN5Q1914_reject-1019x1024.jpg\" class=\"attachment-large size-large wp-image-510\" alt=\"\" srcset=\"https:\/\/media.greentechsolutions.se\/2021\/01\/EN5Q1914_reject-1019x1024.jpg 1019w, https:\/\/media.greentechsolutions.se\/2021\/01\/EN5Q1914_reject-150x150.jpg 150w, https:\/\/media.greentechsolutions.se\/2021\/01\/EN5Q1914_reject-768x772.jpg 768w, https:\/\/media.greentechsolutions.se\/2021\/01\/EN5Q1914_reject-1528x1536.jpg 1528w, https:\/\/media.greentechsolutions.se\/2021\/01\/EN5Q1914_reject-2038x2048.jpg 2038w, https:\/\/media.greentechsolutions.se\/2021\/01\/EN5Q1914_reject-1200x1206.jpg 1200w, https:\/\/media.greentechsolutions.se\/2021\/01\/EN5Q1914_reject-1980x1990.jpg 1980w\" sizes=\"(max-width: 580px) 100vw, 580px\" \/>\t\t\t\t\t\t\t\t\t\t\t\t\t\t\t<\/div>\n\t\t\t\t<\/div>\n\t\t\t\t\t<\/div>\n\t\t<\/div>\n\t\t\t\t<div class=\"elementor-column elementor-col-50 elementor-top-column elementor-element elementor-element-4b6e2b59\" data-id=\"4b6e2b59\" data-element_type=\"column\" data-e-type=\"column\">\n\t\t\t<div class=\"elementor-widget-wrap elementor-element-populated\">\n\t\t\t\t\t\t<div class=\"elementor-element elementor-element-7f1c0532 elementor-widget elementor-widget-heading\" data-id=\"7f1c0532\" data-element_type=\"widget\" data-e-type=\"widget\" data-widget_type=\"heading.default\">\n\t\t\t\t<div class=\"elementor-widget-container\">\n\t\t\t\t\t<h3 class=\"elementor-heading-title elementor-size-default\">Technical Consulting Services<\/h3>\t\t\t\t<\/div>\n\t\t\t\t<\/div>\n\t\t\t\t<div class=\"elementor-element elementor-element-3db11e8a elementor-widget elementor-widget-text-editor\" data-id=\"3db11e8a\" data-element_type=\"widget\" data-e-type=\"widget\" data-widget_type=\"text-editor.default\">\n\t\t\t\t<div class=\"elementor-widget-container\">\n\t\t\t\t\t\t\t\t\t<p>GreenTech Solutions has a broad competence and experience in pre-treatment technology.<br \/>We help customers with solutions and concepts to better process organic waste into a cleaner slurry at biogas plants.<\/p><p class=\"translation-block\">Preliminary studies \/ Investigations <br> Process design \/ Dimensioning <br> Concepts \/ Applications <br> Tender works \/ Procurements <br> Sales process \/ Project management <br> Commissioning \/ Tuning<br> Performance tests \/ Analyzes<\/p>\t\t\t\t\t\t\t\t<\/div>\n\t\t\t\t<\/div>\n\t\t\t\t\t<\/div>\n\t\t<\/div>\n\t\t\t\t\t<\/div>\n\t\t<\/section>\n\t\t\t\t<section class=\"elementor-section elementor-top-section elementor-element elementor-element-7711aa9 elementor-section-content-middle elementor-section-boxed elementor-section-height-default elementor-section-height-default\" data-id=\"7711aa9\" data-element_type=\"section\" data-e-type=\"section\">\n\t\t\t\t\t\t<div class=\"elementor-container elementor-column-gap-default\">\n\t\t\t\t\t<div class=\"elementor-column elementor-col-50 elementor-top-column elementor-element elementor-element-4976174e\" data-id=\"4976174e\" data-element_type=\"column\" data-e-type=\"column\">\n\t\t\t<div class=\"elementor-widget-wrap elementor-element-populated\">\n\t\t\t\t\t\t<div class=\"elementor-element elementor-element-797b04a7 elementor-widget elementor-widget-heading\" data-id=\"797b04a7\" data-element_type=\"widget\" data-e-type=\"widget\" data-widget_type=\"heading.default\">\n\t\t\t\t<div class=\"elementor-widget-container\">\n\t\t\t\t\t<h3 class=\"elementor-heading-title elementor-size-default\">Agencies<\/h3>\t\t\t\t<\/div>\n\t\t\t\t<\/div>\n\t\t\t\t<div class=\"elementor-element elementor-element-4308895c elementor-widget elementor-widget-text-editor\" data-id=\"4308895c\" data-element_type=\"widget\" data-e-type=\"widget\" data-widget_type=\"text-editor.default\">\n\t\t\t\t<div class=\"elementor-widget-container\">\n\t\t\t\t\t\t\t\t\t<p><span style=\"letter-spacing: -0.27px; text-align: center;\">GreenTech Solutions has an agency for EnviTec Biogas AG and Cellwood Machinery AB.<\/span><\/p><p><span style=\"letter-spacing: -0.27px; text-align: center;\">EnviTec Biogas AG is a market-leading and complete supplier of biogas plants and gas upgrades with membrane technology.<\/span><\/p><p><span style=\"letter-spacing: -0.27px; text-align: center;\">Cellwood Machinery offers products for pre-treatment of organic waste.<\/span><span style=\"letter-spacing: -0.27px; text-align: center;\"><br \/><\/span><\/p>\t\t\t\t\t\t\t\t<\/div>\n\t\t\t\t<\/div>\n\t\t\t\t<div class=\"elementor-element elementor-element-3375005b elementor-align-left elementor-mobile-align-center elementor-widget elementor-widget-button\" data-id=\"3375005b\" data-element_type=\"widget\" data-e-type=\"widget\" data-widget_type=\"button.default\">\n\t\t\t\t<div class=\"elementor-widget-container\">\n\t\t\t\t\t\t\t\t\t<div class=\"elementor-button-wrapper\">\n\t\t\t\t\t<a class=\"elementor-button elementor-button-link elementor-size-md\" href=\"https:\/\/greentechsolutions.se\/en\/agenturer\/\">\n\t\t\t\t\t\t<span class=\"elementor-button-content-wrapper\">\n\t\t\t\t\t\t<span class=\"elementor-button-icon\">\n\t\t\t\t<i aria-hidden=\"true\" class=\"fas fa-angle-double-right\"><\/i>\t\t\t<\/span>\n\t\t\t\t\t\t\t\t\t<span class=\"elementor-button-text\">Read more<\/span>\n\t\t\t\t\t<\/span>\n\t\t\t\t\t<\/a>\n\t\t\t\t<\/div>\n\t\t\t\t\t\t\t\t<\/div>\n\t\t\t\t<\/div>\n\t\t\t\t\t<\/div>\n\t\t<\/div>\n\t\t\t\t<div class=\"elementor-column elementor-col-50 elementor-top-column elementor-element elementor-element-4ddb0398\" data-id=\"4ddb0398\" data-element_type=\"column\" data-e-type=\"column\">\n\t\t\t<div class=\"elementor-widget-wrap elementor-element-populated\">\n\t\t\t\t\t\t<div class=\"elementor-element elementor-element-12a3cef4 elementor-widget elementor-widget-image\" data-id=\"12a3cef4\" data-element_type=\"widget\" data-e-type=\"widget\" data-widget_type=\"image.default\">\n\t\t\t\t<div class=\"elementor-widget-container\">\n\t\t\t\t\t\t\t\t\t\t\t\t\t\t\t<img decoding=\"async\" width=\"600\" height=\"378\" src=\"https:\/\/media.greentechsolutions.se\/2021\/02\/EnviT_Cellw2.png\" class=\"attachment-full size-full wp-image-703\" alt=\"\" srcset=\"https:\/\/media.greentechsolutions.se\/2021\/02\/EnviT_Cellw2.png 600w, https:\/\/media.greentechsolutions.se\/2021\/02\/EnviT_Cellw2-300x189.png 300w\" sizes=\"(max-width: 600px) 100vw, 600px\" \/>\t\t\t\t\t\t\t\t\t\t\t\t\t\t\t<\/div>\n\t\t\t\t<\/div>\n\t\t\t\t\t<\/div>\n\t\t<\/div>\n\t\t\t\t\t<\/div>\n\t\t<\/section>\n\t\t\t\t<section class=\"elementor-section elementor-top-section elementor-element elementor-element-6d8f128b elementor-section-content-middle elementor-reverse-mobile elementor-section-boxed elementor-section-height-default elementor-section-height-default\" data-id=\"6d8f128b\" data-element_type=\"section\" data-e-type=\"section\">\n\t\t\t\t\t\t<div class=\"elementor-container elementor-column-gap-default\">\n\t\t\t\t\t<div class=\"elementor-column elementor-col-50 elementor-top-column elementor-element elementor-element-16485710\" data-id=\"16485710\" data-element_type=\"column\" data-e-type=\"column\">\n\t\t\t<div class=\"elementor-widget-wrap elementor-element-populated\">\n\t\t\t\t\t\t<div class=\"elementor-element elementor-element-38d6992 elementor-widget elementor-widget-image\" data-id=\"38d6992\" data-element_type=\"widget\" data-e-type=\"widget\" data-widget_type=\"image.default\">\n\t\t\t\t<div class=\"elementor-widget-container\">\n\t\t\t\t\t\t\t\t\t\t\t\t\t\t\t<img decoding=\"async\" width=\"580\" height=\"447\" src=\"https:\/\/media.greentechsolutions.se\/2021\/02\/Montage-v39-Sobacken-beskuren-e1736531284412-1024x790.jpg\" class=\"attachment-large size-large wp-image-552\" alt=\"\" srcset=\"https:\/\/media.greentechsolutions.se\/2021\/02\/Montage-v39-Sobacken-beskuren-e1736531284412-1024x790.jpg 1024w, https:\/\/media.greentechsolutions.se\/2021\/02\/Montage-v39-Sobacken-beskuren-e1736531284412-300x231.jpg 300w, https:\/\/media.greentechsolutions.se\/2021\/02\/Montage-v39-Sobacken-beskuren-e1736531284412-768x592.jpg 768w, https:\/\/media.greentechsolutions.se\/2021\/02\/Montage-v39-Sobacken-beskuren-e1736531284412-1536x1185.jpg 1536w, https:\/\/media.greentechsolutions.se\/2021\/02\/Montage-v39-Sobacken-beskuren-e1736531284412-1200x926.jpg 1200w, https:\/\/media.greentechsolutions.se\/2021\/02\/Montage-v39-Sobacken-beskuren-e1736531284412-16x12.jpg 16w, https:\/\/media.greentechsolutions.se\/2021\/02\/Montage-v39-Sobacken-beskuren-e1736531284412.jpg 1867w\" sizes=\"(max-width: 580px) 100vw, 580px\" \/>\t\t\t\t\t\t\t\t\t\t\t\t\t\t\t<\/div>\n\t\t\t\t<\/div>\n\t\t\t\t\t<\/div>\n\t\t<\/div>\n\t\t\t\t<div class=\"elementor-column elementor-col-50 elementor-top-column elementor-element elementor-element-77142899\" data-id=\"77142899\" data-element_type=\"column\" data-e-type=\"column\">\n\t\t\t<div class=\"elementor-widget-wrap elementor-element-populated\">\n\t\t\t\t\t\t<div class=\"elementor-element elementor-element-2ddafa61 elementor-widget elementor-widget-heading\" data-id=\"2ddafa61\" data-element_type=\"widget\" data-e-type=\"widget\" data-widget_type=\"heading.default\">\n\t\t\t\t<div class=\"elementor-widget-container\">\n\t\t\t\t\t<h3 class=\"elementor-heading-title elementor-size-default\">Passion for process optimization<\/h3>\t\t\t\t<\/div>\n\t\t\t\t<\/div>\n\t\t\t\t<div class=\"elementor-element elementor-element-1400136e elementor-widget elementor-widget-text-editor\" data-id=\"1400136e\" data-element_type=\"widget\" data-e-type=\"widget\" data-widget_type=\"text-editor.default\">\n\t\t\t\t<div class=\"elementor-widget-container\">\n\t\t\t\t\t\t\t\t\t<p class=\"translation-block\">We have extensive experience of project management, process and business development for biogas projects.<\/p><p class=\"translation-block\">With broad expertise and a strong commitment to optimizing processes, we want to help our Customers with more efficient and green technical solutions!<\/p>\t\t\t\t\t\t\t\t<\/div>\n\t\t\t\t<\/div>\n\t\t\t\t\t<\/div>\n\t\t<\/div>\n\t\t\t\t\t<\/div>\n\t\t<\/section>\n\t\t\t\t<section class=\"elementor-section elementor-top-section elementor-element elementor-element-e6b2a3f elementor-section-content-middle elementor-reverse-mobile elementor-section-boxed elementor-section-height-default elementor-section-height-default\" data-id=\"e6b2a3f\" data-element_type=\"section\" data-e-type=\"section\">\n\t\t\t\t\t\t<div class=\"elementor-container elementor-column-gap-default\">\n\t\t\t\t\t<div class=\"elementor-column elementor-col-50 elementor-top-column elementor-element elementor-element-33c97ac2\" data-id=\"33c97ac2\" data-element_type=\"column\" data-e-type=\"column\">\n\t\t\t<div class=\"elementor-widget-wrap elementor-element-populated\">\n\t\t\t\t\t\t<div class=\"elementor-element elementor-element-3519d1e1 elementor-widget elementor-widget-heading\" data-id=\"3519d1e1\" data-element_type=\"widget\" data-e-type=\"widget\" data-widget_type=\"heading.default\">\n\t\t\t\t<div class=\"elementor-widget-container\">\n\t\t\t\t\t<h3 class=\"elementor-heading-title elementor-size-default\">Solid Feeding Line with Grit Separation<\/h3>\t\t\t\t<\/div>\n\t\t\t\t<\/div>\n\t\t\t\t<div class=\"elementor-element elementor-element-5efa7e6c elementor-widget elementor-widget-text-editor\" data-id=\"5efa7e6c\" data-element_type=\"widget\" data-e-type=\"widget\" data-widget_type=\"text-editor.default\">\n\t\t\t\t<div class=\"elementor-widget-container\">\n\t\t\t\t\t\t\t\t\t<p>At Brogas, we have designed a new solid feeding line for grit separation using cyclone technology. The system has been in operation since 2025 and ensures robust and long-term reliable operation through early and efficient grit separation.<\/p><ul><li>Cleaner slurry through efficient disintegration and removal of sand, gravel, and other heavy particles<\/li><li>Increased operational reliability and more stable process flows throughout the plant<\/li><\/ul>\t\t\t\t\t\t\t\t<\/div>\n\t\t\t\t<\/div>\n\t\t\t\t\t<\/div>\n\t\t<\/div>\n\t\t\t\t<div class=\"elementor-column elementor-col-50 elementor-top-column elementor-element elementor-element-71a3c103\" data-id=\"71a3c103\" data-element_type=\"column\" data-e-type=\"column\">\n\t\t\t<div class=\"elementor-widget-wrap elementor-element-populated\">\n\t\t\t\t\t\t<div class=\"elementor-element elementor-element-160d3878 elementor-widget elementor-widget-image\" data-id=\"160d3878\" data-element_type=\"widget\" data-e-type=\"widget\" data-widget_type=\"image.default\">\n\t\t\t\t<div class=\"elementor-widget-container\">\n\t\t\t\t\t\t\t\t\t\t\t\t\t\t\t<img loading=\"lazy\" decoding=\"async\" width=\"768\" height=\"405\" src=\"https:\/\/media.greentechsolutions.se\/2026\/03\/Cyklon_brogas.png\" class=\"attachment-2048x2048 size-2048x2048 wp-image-1094\" alt=\"\" srcset=\"https:\/\/media.greentechsolutions.se\/2026\/03\/Cyklon_brogas.png 768w, https:\/\/media.greentechsolutions.se\/2026\/03\/Cyklon_brogas-300x158.png 300w, https:\/\/media.greentechsolutions.se\/2026\/03\/Cyklon_brogas-18x9.png 18w\" sizes=\"(max-width: 768px) 100vw, 768px\" \/>\t\t\t\t\t\t\t\t\t\t\t\t\t\t\t<\/div>\n\t\t\t\t<\/div>\n\t\t\t\t\t<\/div>\n\t\t<\/div>\n\t\t\t\t\t<\/div>\n\t\t<\/section>\n\t\t\t\t<\/div>","protected":false},"excerpt":{"rendered":"<p>GreenTech Solutions Scandinavia AB Agentur och tekniska konsulttj\u00e4nster inom \u00a0f\u00f6rbehandling och kompletta biogasanl\u00e4ggningar \u00a0 Tekniska Konsulttj\u00e4nster GreenTech Solutions har en bred kompetens och erfarenhet inom f\u00f6rbehandlingsteknik.Vi hj\u00e4lper kunder med l\u00f6sningar och koncept f\u00f6r att b\u00e4ttre processa organiskt avfall till ett\u00a0renare slurry p\u00e5 biogasanl\u00e4ggningar. F\u00f6rstudier \/ UtredningarProcessdesign \/ DimensioneringarKoncept \/ ApplikationerAnbudsarbeten \/ UpphandlingarS\u00e4ljprocess \/ ProjektledningDrifts\u00e4ttning \/ [&hellip;]<\/p>\n","protected":false},"author":1,"featured_media":318,"parent":0,"menu_order":0,"comment_status":"closed","ping_status":"closed","template":"elementor_header_footer","meta":{"_seopress_robots_primary_cat":"","_seopress_titles_title":"Greentech Solutions","_seopress_titles_desc":"Agentur och tekniska konsulttj\u00e4nster inom f\u00f6rbehandling och kompletta biogasanl\u00e4ggningar. Vi erbjuder f\u00f6rstudie, teknikval, kostnadskalkyler, projektledning, drifts\u00e4ttning och intrimning.","_seopress_robots_index":"","footnotes":""},"class_list":["post-13","page","type-page","status-publish","has-post-thumbnail","hentry"],"_links":{"self":[{"href":"https:\/\/greentechsolutions.se\/en\/wp-json\/wp\/v2\/pages\/13","targetHints":{"allow":["GET"]}}],"collection":[{"href":"https:\/\/greentechsolutions.se\/en\/wp-json\/wp\/v2\/pages"}],"about":[{"href":"https:\/\/greentechsolutions.se\/en\/wp-json\/wp\/v2\/types\/page"}],"author":[{"embeddable":true,"href":"https:\/\/greentechsolutions.se\/en\/wp-json\/wp\/v2\/users\/1"}],"replies":[{"embeddable":true,"href":"https:\/\/greentechsolutions.se\/en\/wp-json\/wp\/v2\/comments?post=13"}],"version-history":[{"count":209,"href":"https:\/\/greentechsolutions.se\/en\/wp-json\/wp\/v2\/pages\/13\/revisions"}],"predecessor-version":[{"id":1097,"href":"https:\/\/greentechsolutions.se\/en\/wp-json\/wp\/v2\/pages\/13\/revisions\/1097"}],"wp:featuredmedia":[{"embeddable":true,"href":"https:\/\/greentechsolutions.se\/en\/wp-json\/wp\/v2\/media\/318"}],"wp:attachment":[{"href":"https:\/\/greentechsolutions.se\/en\/wp-json\/wp\/v2\/media?parent=13"}],"curies":[{"name":"wp","href":"https:\/\/api.w.org\/{rel}","templated":true}]}}